{"id":19,"date":"2021-04-22T15:02:06","date_gmt":"2021-04-22T13:02:06","guid":{"rendered":"http:\/\/www.universalmedica.com\/?page_id=19"},"modified":"2022-03-21T14:05:37","modified_gmt":"2022-03-21T13:05:37","slug":"carrieres","status":"publish","type":"page","link":"https:\/\/www.universalmedica.com\/fr\/carrieres\/","title":{"rendered":"Carri\u00e8res"},"content":{"rendered":"\t\t<div data-elementor-type=\"wp-page\" data-elementor-id=\"19\" class=\"elementor elementor-19\" data-elementor-post-type=\"page\">\n\t\t\t\t\t\t<section class=\"elementor-section elementor-top-section elementor-element elementor-element-6cd99f1 elementor-section-boxed elementor-section-height-default elementor-section-height-default\" data-id=\"6cd99f1\" data-element_type=\"section\" data-e-type=\"section\">\n\t\t\t\t\t\t<div class=\"elementor-container elementor-column-gap-default\">\n\t\t\t\t\t<div class=\"elementor-column elementor-col-100 elementor-top-column elementor-element elementor-element-ebad255\" data-id=\"ebad255\" data-element_type=\"column\" data-e-type=\"column\">\n\t\t\t<div class=\"elementor-widget-wrap elementor-element-populated\">\n\t\t\t\t\t\t<div class=\"elementor-element elementor-element-24382fa8 elementor-widget elementor-widget-heading\" data-id=\"24382fa8\" data-element_type=\"widget\" data-e-type=\"widget\" data-widget_type=\"heading.default\">\n\t\t\t\t<div class=\"elementor-widget-container\">\n\t\t\t\t\t<h2 class=\"elementor-heading-title elementor-size-default\">Carri\u00e8res<\/h2>\t\t\t\t<\/div>\n\t\t\t\t<\/div>\n\t\t\t\t<section class=\"elementor-section elementor-inner-section elementor-element elementor-element-0260cd3 elementor-section-boxed elementor-section-height-default elementor-section-height-default\" data-id=\"0260cd3\" data-element_type=\"section\" data-e-type=\"section\">\n\t\t\t\t\t\t<div class=\"elementor-container elementor-column-gap-default\">\n\t\t\t\t\t<div class=\"elementor-column elementor-col-50 elementor-inner-column elementor-element elementor-element-a908994\" data-id=\"a908994\" data-element_type=\"column\" data-e-type=\"column\">\n\t\t\t<div class=\"elementor-widget-wrap elementor-element-populated\">\n\t\t\t\t\t\t<div class=\"elementor-element elementor-element-7f9cf83 elementor-widget elementor-widget-text-editor\" data-id=\"7f9cf83\" data-element_type=\"widget\" data-e-type=\"widget\" data-widget_type=\"text-editor.default\">\n\t\t\t\t<div class=\"elementor-widget-container\">\n\t\t\t\t\t\t\t\t\t<p class=\"p1\" style=\"color: #7d7d7d; font-family: Poppins, sans-serif;\"><span style=\"font-weight: bolder;\">Un accueil de qualit\u00e9 sur mesure<\/span><\/p>\n<p class=\"p2\" style=\"color: #7d7d7d; font-family: Poppins, sans-serif;\">Une int\u00e9gration de qualit\u00e9 de nos nouveaux collaborateurs est l\u2019une de nos priorit\u00e9s. C\u2019est pourquoi nous proposons un programme d\u2019int\u00e9gration et de formation adapt\u00e9 \u00e0 chaque profil, \u00e9tape indispensable \u00e0 la compr\u00e9hension de nos m\u00e9tiers et de notre environnement de travail.<\/p>\n<p class=\"p1\" style=\"color: #7d7d7d; font-family: Poppins, sans-serif;\"><span style=\"font-weight: bolder;\">Le collaborateur au centre de la strat\u00e9gie RH<\/span><\/p>\n<p class=\"p2\" style=\"color: #7d7d7d; font-family: Poppins, sans-serif;\">Universal Medica accompagne ses collaborateurs et propose des parcours de d\u00e9veloppement qui permettent \u00e0 chacun d\u2019exprimer ses talents et de s\u2019\u00e9panouir.<\/p>\n<p class=\"p2\" style=\"color: #7d7d7d; font-family: Poppins, sans-serif;\">Notre succ\u00e8s et notre performance reposent sur les comp\u00e9tences et la qualit\u00e9 de nos collaborateurs.<\/p>\n<p class=\"p1\" style=\"color: #7d7d7d; font-family: Poppins, sans-serif;\"><span style=\"font-weight: bolder;\">Consultez nos offres<\/span><\/p>\n<p class=\"p2\" style=\"text-align: center; margin: 30px;\"><a style=\"background-color: #178a44; color: #fff; padding: 10px 20px; border-radius: 50px;\" href=\"https:\/\/carrieres.candidatus.com\/universalmedica\">Acc\u00e9dez directement \u00e0 l\u2019ensemble de nos offres<\/a><\/p>\n<p><span class=\"s1\">Pour contacter directement notre service des Ressources Humaines :<br><\/span><a href=\"mailto:recrutement@universalmedica.com\">recrutement@universalmedica.com<\/a><\/p>\t\t\t\t\t\t\t\t<\/div>\n\t\t\t\t<\/div>\n\t\t\t\t\t<\/div>\n\t\t<\/div>\n\t\t\t\t<div class=\"elementor-column elementor-col-50 elementor-inner-column elementor-element elementor-element-1ba5356 .stars-container\" data-id=\"1ba5356\" data-element_type=\"column\" data-e-type=\"column\">\n\t\t\t<div class=\"elementor-widget-wrap elementor-element-populated\">\n\t\t\t\t\t\t<div class=\"elementor-element elementor-element-ec0460a stars elementor-invisible elementor-widget elementor-widget-image\" data-id=\"ec0460a\" data-element_type=\"widget\" data-e-type=\"widget\" data-settings=\"{&quot;_animation&quot;:&quot;fadeInUp&quot;}\" data-widget_type=\"image.default\">\n\t\t\t\t<div class=\"elementor-widget-container\">\n\t\t\t\t\t\t\t\t\t\t\t\t\t\t\t<img fetchpriority=\"high\" decoding=\"async\" width=\"800\" height=\"407\" src=\"https:\/\/www.universalmedica.com\/wp-content\/uploads\/2021\/04\/bas-page-3@2x-1024x521.png\" class=\"attachment-large size-large wp-image-1198\" alt=\"\" srcset=\"https:\/\/www.universalmedica.com\/wp-content\/uploads\/2021\/04\/bas-page-3@2x-1024x521.png 1024w, https:\/\/www.universalmedica.com\/wp-content\/uploads\/2021\/04\/bas-page-3@2x-300x153.png 300w, https:\/\/www.universalmedica.com\/wp-content\/uploads\/2021\/04\/bas-page-3@2x-768x391.png 768w, https:\/\/www.universalmedica.com\/wp-content\/uploads\/2021\/04\/bas-page-3@2x.png 1157w\" sizes=\"(max-width: 800px) 100vw, 800px\" \/>\t\t\t\t\t\t\t\t\t\t\t\t\t\t\t<\/div>\n\t\t\t\t<\/div>\n\t\t\t\t\t<\/div>\n\t\t<\/div>\n\t\t\t\t\t<\/div>\n\t\t<\/section>\n\t\t\t\t\t<\/div>\n\t\t<\/div>\n\t\t\t\t\t<\/div>\n\t\t<\/section>\n\t\t\t\t<\/div>\n\t\t","protected":false},"excerpt":{"rendered":"<p>Carri\u00e8res Un accueil de qualit\u00e9 sur mesure Une int\u00e9gration de qualit\u00e9 de nos nouveaux collaborateurs est l\u2019une de nos priorit\u00e9s. C\u2019est pourquoi nous proposons un programme d\u2019int\u00e9gration et de formation adapt\u00e9 \u00e0 chaque profil, \u00e9tape indispensable \u00e0 la compr\u00e9hension de nos m\u00e9tiers et de notre environnement de travail. Le collaborateur au centre de la strat\u00e9gie [&hellip;]<\/p>\n","protected":false},"author":1,"featured_media":0,"parent":0,"menu_order":0,"comment_status":"closed","ping_status":"closed","template":"","meta":{"_acf_changed":false,"inline_featured_image":false,"footnotes":""},"class_list":["post-19","page","type-page","status-publish","hentry"],"acf":[],"yoast_head":"<!-- This site is optimized with the Yoast SEO plugin v27.3 - https:\/\/yoast.com\/product\/yoast-seo-wordpress\/ -->\n<title>Carri\u00e8res - Universal Medica<\/title>\n<meta name=\"robots\" content=\"index, follow, max-snippet:-1, max-image-preview:large, max-video-preview:-1\" \/>\n<link rel=\"canonical\" href=\"https:\/\/www.universalmedica.com\/fr\/carrieres\/\" \/>\n<meta property=\"og:locale\" content=\"fr_FR\" \/>\n<meta property=\"og:type\" content=\"article\" \/>\n<meta property=\"og:title\" content=\"Carri\u00e8res - Universal Medica\" \/>\n<meta property=\"og:description\" content=\"Carri\u00e8res Un accueil de qualit\u00e9 sur mesure Une int\u00e9gration de qualit\u00e9 de nos nouveaux collaborateurs est l\u2019une de nos priorit\u00e9s. C\u2019est pourquoi nous proposons un programme d\u2019int\u00e9gration et de formation adapt\u00e9 \u00e0 chaque profil, \u00e9tape indispensable \u00e0 la compr\u00e9hension de nos m\u00e9tiers et de notre environnement de travail. Le collaborateur au centre de la strat\u00e9gie [&hellip;]\" \/>\n<meta property=\"og:url\" content=\"https:\/\/www.universalmedica.com\/fr\/carrieres\/\" \/>\n<meta property=\"og:site_name\" content=\"Universal Medica\" \/>\n<meta property=\"article:modified_time\" content=\"2022-03-21T13:05:37+00:00\" \/>\n<meta property=\"og:image\" content=\"https:\/\/www.universalmedica.com\/wp-content\/uploads\/2021\/04\/bas-page-3@2x-1024x521.png\" \/>\n<meta name=\"twitter:card\" content=\"summary_large_image\" \/>\n<meta name=\"twitter:label1\" content=\"Dur\u00e9e de lecture estim\u00e9e\" \/>\n\t<meta name=\"twitter:data1\" content=\"1 minute\" \/>\n<script type=\"application\/ld+json\" class=\"yoast-schema-graph\">{\"@context\":\"https:\\\/\\\/schema.org\",\"@graph\":[{\"@type\":\"WebPage\",\"@id\":\"https:\\\/\\\/www.universalmedica.com\\\/fr\\\/carrieres\\\/\",\"url\":\"https:\\\/\\\/www.universalmedica.com\\\/fr\\\/carrieres\\\/\",\"name\":\"Carri\u00e8res - Universal Medica\",\"isPartOf\":{\"@id\":\"https:\\\/\\\/www.universalmedica.com\\\/fr\\\/#website\"},\"primaryImageOfPage\":{\"@id\":\"https:\\\/\\\/www.universalmedica.com\\\/fr\\\/carrieres\\\/#primaryimage\"},\"image\":{\"@id\":\"https:\\\/\\\/www.universalmedica.com\\\/fr\\\/carrieres\\\/#primaryimage\"},\"thumbnailUrl\":\"https:\\\/\\\/www.universalmedica.com\\\/wp-content\\\/uploads\\\/2021\\\/04\\\/bas-page-3@2x-1024x521.png\",\"datePublished\":\"2021-04-22T13:02:06+00:00\",\"dateModified\":\"2022-03-21T13:05:37+00:00\",\"inLanguage\":\"fr-FR\",\"potentialAction\":[{\"@type\":\"ReadAction\",\"target\":[\"https:\\\/\\\/www.universalmedica.com\\\/fr\\\/carrieres\\\/\"]}]},{\"@type\":\"ImageObject\",\"inLanguage\":\"fr-FR\",\"@id\":\"https:\\\/\\\/www.universalmedica.com\\\/fr\\\/carrieres\\\/#primaryimage\",\"url\":\"https:\\\/\\\/www.universalmedica.com\\\/wp-content\\\/uploads\\\/2021\\\/04\\\/bas-page-3@2x-1024x521.png\",\"contentUrl\":\"https:\\\/\\\/www.universalmedica.com\\\/wp-content\\\/uploads\\\/2021\\\/04\\\/bas-page-3@2x-1024x521.png\"},{\"@type\":\"WebSite\",\"@id\":\"https:\\\/\\\/www.universalmedica.com\\\/fr\\\/#website\",\"url\":\"https:\\\/\\\/www.universalmedica.com\\\/fr\\\/\",\"name\":\"Universal Medica\",\"description\":\"\",\"potentialAction\":[{\"@type\":\"SearchAction\",\"target\":{\"@type\":\"EntryPoint\",\"urlTemplate\":\"https:\\\/\\\/www.universalmedica.com\\\/fr\\\/?s={search_term_string}\"},\"query-input\":{\"@type\":\"PropertyValueSpecification\",\"valueRequired\":true,\"valueName\":\"search_term_string\"}}],\"inLanguage\":\"fr-FR\"}]}<\/script>\n<!-- \/ Yoast SEO plugin. -->","yoast_head_json":{"title":"Carri\u00e8res - Universal Medica","robots":{"index":"index","follow":"follow","max-snippet":"max-snippet:-1","max-image-preview":"max-image-preview:large","max-video-preview":"max-video-preview:-1"},"canonical":"https:\/\/www.universalmedica.com\/fr\/carrieres\/","og_locale":"fr_FR","og_type":"article","og_title":"Carri\u00e8res - Universal Medica","og_description":"Carri\u00e8res Un accueil de qualit\u00e9 sur mesure Une int\u00e9gration de qualit\u00e9 de nos nouveaux collaborateurs est l\u2019une de nos priorit\u00e9s. C\u2019est pourquoi nous proposons un programme d\u2019int\u00e9gration et de formation adapt\u00e9 \u00e0 chaque profil, \u00e9tape indispensable \u00e0 la compr\u00e9hension de nos m\u00e9tiers et de notre environnement de travail. Le collaborateur au centre de la strat\u00e9gie [&hellip;]","og_url":"https:\/\/www.universalmedica.com\/fr\/carrieres\/","og_site_name":"Universal Medica","article_modified_time":"2022-03-21T13:05:37+00:00","og_image":[{"url":"https:\/\/www.universalmedica.com\/wp-content\/uploads\/2021\/04\/bas-page-3@2x-1024x521.png","type":"","width":"","height":""}],"twitter_card":"summary_large_image","twitter_misc":{"Dur\u00e9e de lecture estim\u00e9e":"1 minute"},"schema":{"@context":"https:\/\/schema.org","@graph":[{"@type":"WebPage","@id":"https:\/\/www.universalmedica.com\/fr\/carrieres\/","url":"https:\/\/www.universalmedica.com\/fr\/carrieres\/","name":"Carri\u00e8res - Universal Medica","isPartOf":{"@id":"https:\/\/www.universalmedica.com\/fr\/#website"},"primaryImageOfPage":{"@id":"https:\/\/www.universalmedica.com\/fr\/carrieres\/#primaryimage"},"image":{"@id":"https:\/\/www.universalmedica.com\/fr\/carrieres\/#primaryimage"},"thumbnailUrl":"https:\/\/www.universalmedica.com\/wp-content\/uploads\/2021\/04\/bas-page-3@2x-1024x521.png","datePublished":"2021-04-22T13:02:06+00:00","dateModified":"2022-03-21T13:05:37+00:00","inLanguage":"fr-FR","potentialAction":[{"@type":"ReadAction","target":["https:\/\/www.universalmedica.com\/fr\/carrieres\/"]}]},{"@type":"ImageObject","inLanguage":"fr-FR","@id":"https:\/\/www.universalmedica.com\/fr\/carrieres\/#primaryimage","url":"https:\/\/www.universalmedica.com\/wp-content\/uploads\/2021\/04\/bas-page-3@2x-1024x521.png","contentUrl":"https:\/\/www.universalmedica.com\/wp-content\/uploads\/2021\/04\/bas-page-3@2x-1024x521.png"},{"@type":"WebSite","@id":"https:\/\/www.universalmedica.com\/fr\/#website","url":"https:\/\/www.universalmedica.com\/fr\/","name":"Universal Medica","description":"","potentialAction":[{"@type":"SearchAction","target":{"@type":"EntryPoint","urlTemplate":"https:\/\/www.universalmedica.com\/fr\/?s={search_term_string}"},"query-input":{"@type":"PropertyValueSpecification","valueRequired":true,"valueName":"search_term_string"}}],"inLanguage":"fr-FR"}]}},"_links":{"self":[{"href":"https:\/\/www.universalmedica.com\/fr\/wp-json\/wp\/v2\/pages\/19","targetHints":{"allow":["GET"]}}],"collection":[{"href":"https:\/\/www.universalmedica.com\/fr\/wp-json\/wp\/v2\/pages"}],"about":[{"href":"https:\/\/www.universalmedica.com\/fr\/wp-json\/wp\/v2\/types\/page"}],"author":[{"embeddable":true,"href":"https:\/\/www.universalmedica.com\/fr\/wp-json\/wp\/v2\/users\/1"}],"replies":[{"embeddable":true,"href":"https:\/\/www.universalmedica.com\/fr\/wp-json\/wp\/v2\/comments?post=19"}],"version-history":[{"count":52,"href":"https:\/\/www.universalmedica.com\/fr\/wp-json\/wp\/v2\/pages\/19\/revisions"}],"predecessor-version":[{"id":4197,"href":"https:\/\/www.universalmedica.com\/fr\/wp-json\/wp\/v2\/pages\/19\/revisions\/4197"}],"wp:attachment":[{"href":"https:\/\/www.universalmedica.com\/fr\/wp-json\/wp\/v2\/media?parent=19"}],"curies":[{"name":"wp","href":"https:\/\/api.w.org\/{rel}","templated":true}]}}