{"id":21,"date":"2021-04-22T15:02:13","date_gmt":"2021-04-22T13:02:13","guid":{"rendered":"http:\/\/www.universalmedica.com\/?page_id=21"},"modified":"2022-05-02T12:57:27","modified_gmt":"2022-05-02T10:57:27","slug":"contact","status":"publish","type":"page","link":"https:\/\/www.universalmedica.com\/fr\/contact\/","title":{"rendered":"Contact"},"content":{"rendered":"\t\t<div data-elementor-type=\"wp-page\" data-elementor-id=\"21\" class=\"elementor elementor-21\" data-elementor-post-type=\"page\">\n\t\t\t\t\t\t<section class=\"elementor-section elementor-top-section elementor-element elementor-element-effac0e elementor-section-boxed elementor-section-height-default elementor-section-height-default\" data-id=\"effac0e\" data-element_type=\"section\" data-e-type=\"section\">\n\t\t\t\t\t\t<div class=\"elementor-container elementor-column-gap-default\">\n\t\t\t\t\t<div class=\"elementor-column elementor-col-100 elementor-top-column elementor-element elementor-element-13f39cf\" data-id=\"13f39cf\" data-element_type=\"column\" data-e-type=\"column\">\n\t\t\t<div class=\"elementor-widget-wrap elementor-element-populated\">\n\t\t\t\t\t\t<div class=\"elementor-element elementor-element-662ec407 elementor-widget elementor-widget-heading\" data-id=\"662ec407\" data-element_type=\"widget\" data-e-type=\"widget\" data-widget_type=\"heading.default\">\n\t\t\t\t<div class=\"elementor-widget-container\">\n\t\t\t\t\t<h2 class=\"elementor-heading-title elementor-size-default\">Contactez-nous<\/h2>\t\t\t\t<\/div>\n\t\t\t\t<\/div>\n\t\t\t\t<div class=\"elementor-element elementor-element-74510132 elementor-widget elementor-widget-text-editor\" data-id=\"74510132\" data-element_type=\"widget\" data-e-type=\"widget\" data-widget_type=\"text-editor.default\">\n\t\t\t\t<div class=\"elementor-widget-container\">\n\t\t\t\t\t\t\t\t\t<p>Universal Medica r\u00e9pond quotidiennement aux exigences r\u00e9glementaires et aux d\u00e9fis li\u00e9s \u00e0 l\u2019\u00e9volution de l\u2019environnement pharmaceutique, des dispositifs m\u00e9dicaux et de biotechnologie.&nbsp;Au niveau local ou international, Universal Medica propose un accompagnement sur mesure \u00e0 ses clients.<\/p>\t\t\t\t\t\t\t\t<\/div>\n\t\t\t\t<\/div>\n\t\t\t\t\t<\/div>\n\t\t<\/div>\n\t\t\t\t\t<\/div>\n\t\t<\/section>\n\t\t\t\t<section class=\"elementor-section elementor-top-section elementor-element elementor-element-b009e10 elementor-section-content-space-between elementor-section-boxed elementor-section-height-default elementor-section-height-default\" data-id=\"b009e10\" data-element_type=\"section\" data-e-type=\"section\">\n\t\t\t\t\t\t<div class=\"elementor-container elementor-column-gap-wider\">\n\t\t\t\t\t<div class=\"elementor-column elementor-col-50 elementor-top-column elementor-element elementor-element-3b6e0f2\" data-id=\"3b6e0f2\" data-element_type=\"column\" data-e-type=\"column\">\n\t\t\t<div class=\"elementor-widget-wrap elementor-element-populated\">\n\t\t\t\t\t\t<div class=\"elementor-element elementor-element-67a198f elementor-button-align-stretch elementor-widget elementor-widget-form\" data-id=\"67a198f\" data-element_type=\"widget\" data-e-type=\"widget\" data-settings=\"{&quot;button_width&quot;:&quot;30&quot;,&quot;step_next_label&quot;:&quot;Next&quot;,&quot;step_previous_label&quot;:&quot;Previous&quot;,&quot;step_type&quot;:&quot;number_text&quot;,&quot;step_icon_shape&quot;:&quot;circle&quot;}\" data-widget_type=\"form.default\">\n\t\t\t\t<div class=\"elementor-widget-container\">\n\t\t\t\t\t\t\t<form class=\"elementor-form\" method=\"post\" name=\"New Form\" aria-label=\"New Form\">\n\t\t\t<input type=\"hidden\" name=\"post_id\" value=\"21\"\/>\n\t\t\t<input type=\"hidden\" name=\"form_id\" value=\"67a198f\"\/>\n\t\t\t<input type=\"hidden\" name=\"referer_title\" value=\"Contact - Universal Medica\" \/>\n\n\t\t\t\t\t\t\t<input type=\"hidden\" name=\"queried_id\" value=\"21\"\/>\n\t\t\t\n\t\t\t<div class=\"elementor-form-fields-wrapper elementor-labels-above\">\n\t\t\t\t\t\t\t\t<div class=\"elementor-field-type-text elementor-field-group elementor-column elementor-field-group-name elementor-col-100\">\n\t\t\t\t\t\t\t\t\t\t\t\t\t<input size=\"1\" type=\"text\" name=\"form_fields[name]\" id=\"form-field-name\" class=\"elementor-field elementor-size-sm  elementor-field-textual\" placeholder=\"Nom :\">\n\t\t\t\t\t\t\t\t\t\t\t<\/div>\n\t\t\t\t\t\t\t\t<div class=\"elementor-field-type-tel elementor-field-group elementor-column elementor-field-group-field_3d18767 elementor-col-100\">\n\t\t\t\t\t\t\t<input size=\"1\" type=\"tel\" name=\"form_fields[field_3d18767]\" id=\"form-field-field_3d18767\" class=\"elementor-field elementor-size-sm  elementor-field-textual\" placeholder=\"T\u00e9l\u00e9phone :\" pattern=\"[0-9()#&amp;+*-=.]+\" title=\"Seuls les caract\u00e8res de num\u00e9ros de t\u00e9l\u00e9phone (#, -, *, etc.) sont accept\u00e9s.\">\n\n\t\t\t\t\t\t<\/div>\n\t\t\t\t\t\t\t\t<div class=\"elementor-field-type-text elementor-field-group elementor-column elementor-field-group-field_ee7da33 elementor-col-100\">\n\t\t\t\t\t\t\t\t\t\t\t\t\t<input size=\"1\" type=\"text\" name=\"form_fields[field_ee7da33]\" id=\"form-field-field_ee7da33\" class=\"elementor-field elementor-size-sm  elementor-field-textual\" placeholder=\"Soci\u00e9t\u00e9 :\">\n\t\t\t\t\t\t\t\t\t\t\t<\/div>\n\t\t\t\t\t\t\t\t<div class=\"elementor-field-type-email elementor-field-group elementor-column elementor-field-group-email elementor-col-100 elementor-field-required\">\n\t\t\t\t\t\t\t\t\t\t\t\t\t<input size=\"1\" type=\"email\" name=\"form_fields[email]\" id=\"form-field-email\" class=\"elementor-field elementor-size-sm  elementor-field-textual\" placeholder=\"Email :\" required=\"required\">\n\t\t\t\t\t\t\t\t\t\t\t<\/div>\n\t\t\t\t\t\t\t\t<div class=\"elementor-field-type-textarea elementor-field-group elementor-column elementor-field-group-message elementor-col-100\">\n\t\t\t\t\t<textarea class=\"elementor-field-textual elementor-field  elementor-size-sm\" name=\"form_fields[message]\" id=\"form-field-message\" rows=\"4\" placeholder=\"Message\"><\/textarea>\t\t\t\t<\/div>\n\t\t\t\t\t\t\t\t<div class=\"elementor-field-type-text\">\n\t\t\t\t\t<input size=\"1\" type=\"text\" name=\"form_fields[field_1b87a3e]\" id=\"form-field-field_1b87a3e\" class=\"elementor-field elementor-size-sm \" style=\"display:none !important;\">\t\t\t\t<\/div>\n\t\t\t\t\t\t\t\t<div class=\"elementor-field-type-recaptcha_v3 elementor-field-group elementor-column elementor-field-group-field_496c75a elementor-col-100 recaptcha_v3-bottomright\">\n\t\t\t\t\t<div class=\"elementor-field\" id=\"form-field-field_496c75a\"><div class=\"elementor-g-recaptcha\" data-sitekey=\"6LfV0sMbAAAAAFzwEuH1gGMGyXeXx8rASEQBVRxj\" data-type=\"v3\" data-action=\"Form\" data-badge=\"bottomright\" data-size=\"invisible\"><\/div><\/div>\t\t\t\t<\/div>\n\t\t\t\t\t\t\t\t<div class=\"elementor-field-group elementor-column elementor-field-type-submit elementor-col-30 e-form__buttons\">\n\t\t\t\t\t<button class=\"elementor-button elementor-size-sm\" type=\"submit\">\n\t\t\t\t\t\t<span class=\"elementor-button-content-wrapper\">\n\t\t\t\t\t\t\t\t\t\t\t\t\t\t\t\t\t\t\t\t\t\t<span class=\"elementor-button-text\">Envoyer &gt;<\/span>\n\t\t\t\t\t\t\t\t\t\t\t\t\t<\/span>\n\t\t\t\t\t<\/button>\n\t\t\t\t<\/div>\n\t\t\t<\/div>\n\t\t<\/form>\n\t\t\t\t\t\t<\/div>\n\t\t\t\t<\/div>\n\t\t\t\t\t<\/div>\n\t\t<\/div>\n\t\t\t\t<div class=\"elementor-column elementor-col-50 elementor-top-column elementor-element elementor-element-460c26d\" data-id=\"460c26d\" data-element_type=\"column\" data-e-type=\"column\">\n\t\t\t<div class=\"elementor-widget-wrap elementor-element-populated\">\n\t\t\t\t\t\t<div class=\"elementor-element elementor-element-c96a543 elementor-widget elementor-widget-text-editor\" data-id=\"c96a543\" data-element_type=\"widget\" data-e-type=\"widget\" data-widget_type=\"text-editor.default\">\n\t\t\t\t<div class=\"elementor-widget-container\">\n\t\t\t\t\t\t\t\t\t<p class=\"p1\">Contactez-nous pour toute demande d\u2019information, nous vous recontacterons dans les plus bref d\u00e9lais.<\/p>\t\t\t\t\t\t\t\t<\/div>\n\t\t\t\t<\/div>\n\t\t\t\t<div class=\"elementor-element elementor-element-ed73daf elementor-invisible elementor-widget elementor-widget-image\" data-id=\"ed73daf\" data-element_type=\"widget\" data-e-type=\"widget\" data-settings=\"{&quot;_animation&quot;:&quot;bounceInUp&quot;}\" data-widget_type=\"image.default\">\n\t\t\t\t<div class=\"elementor-widget-container\">\n\t\t\t\t\t\t\t\t\t\t\t\t\t\t\t<img fetchpriority=\"high\" decoding=\"async\" width=\"800\" height=\"497\" src=\"https:\/\/www.universalmedica.com\/wp-content\/uploads\/2021\/04\/contact@2x-1024x636.png\" class=\"attachment-large size-large wp-image-1213\" alt=\"\" srcset=\"https:\/\/www.universalmedica.com\/wp-content\/uploads\/2021\/04\/contact@2x-1024x636.png 1024w, https:\/\/www.universalmedica.com\/wp-content\/uploads\/2021\/04\/contact@2x-300x186.png 300w, https:\/\/www.universalmedica.com\/wp-content\/uploads\/2021\/04\/contact@2x-768x477.png 768w, https:\/\/www.universalmedica.com\/wp-content\/uploads\/2021\/04\/contact@2x.png 1297w\" sizes=\"(max-width: 800px) 100vw, 800px\" \/>\t\t\t\t\t\t\t\t\t\t\t\t\t\t\t<\/div>\n\t\t\t\t<\/div>\n\t\t\t\t\t<\/div>\n\t\t<\/div>\n\t\t\t\t\t<\/div>\n\t\t<\/section>\n\t\t\t\t<section class=\"elementor-section elementor-top-section elementor-element elementor-element-7d8c2f5 elementor-section-boxed elementor-section-height-default elementor-section-height-default\" data-id=\"7d8c2f5\" data-element_type=\"section\" data-e-type=\"section\" data-settings=\"{&quot;background_background&quot;:&quot;classic&quot;}\">\n\t\t\t\t\t\t<div class=\"elementor-container elementor-column-gap-default\">\n\t\t\t\t\t<div class=\"elementor-column elementor-col-100 elementor-top-column elementor-element elementor-element-0794b2d\" data-id=\"0794b2d\" data-element_type=\"column\" data-e-type=\"column\">\n\t\t\t<div class=\"elementor-widget-wrap elementor-element-populated\">\n\t\t\t\t\t\t<section class=\"elementor-section elementor-inner-section elementor-element elementor-element-7d092a0 elementor-section-boxed elementor-section-height-default elementor-section-height-default\" data-id=\"7d092a0\" data-element_type=\"section\" data-e-type=\"section\">\n\t\t\t\t\t\t<div class=\"elementor-container elementor-column-gap-default\">\n\t\t\t\t\t<div class=\"elementor-column elementor-col-33 elementor-inner-column elementor-element elementor-element-b7f87d9\" data-id=\"b7f87d9\" data-element_type=\"column\" data-e-type=\"column\">\n\t\t\t<div class=\"elementor-widget-wrap elementor-element-populated\">\n\t\t\t\t\t\t<div class=\"elementor-element elementor-element-858ce70 elementor-icon-list--layout-traditional elementor-list-item-link-full_width elementor-widget elementor-widget-icon-list\" data-id=\"858ce70\" data-element_type=\"widget\" data-e-type=\"widget\" data-widget_type=\"icon-list.default\">\n\t\t\t\t<div class=\"elementor-widget-container\">\n\t\t\t\t\t\t\t<ul class=\"elementor-icon-list-items\">\n\t\t\t\t\t\t\t<li class=\"elementor-icon-list-item\">\n\t\t\t\t\t\t\t\t\t\t\t<span class=\"elementor-icon-list-icon\">\n\t\t\t\t\t\t\t<i aria-hidden=\"true\" class=\"fas fa-phone\"><\/i>\t\t\t\t\t\t<\/span>\n\t\t\t\t\t\t\t\t\t\t<span class=\"elementor-icon-list-text\">+33(01) 41 12 27 77<\/span>\n\t\t\t\t\t\t\t\t\t<\/li>\n\t\t\t\t\t\t<\/ul>\n\t\t\t\t\t\t<\/div>\n\t\t\t\t<\/div>\n\t\t\t\t\t<\/div>\n\t\t<\/div>\n\t\t\t\t<div class=\"elementor-column elementor-col-33 elementor-inner-column elementor-element elementor-element-e2d44bc\" data-id=\"e2d44bc\" data-element_type=\"column\" data-e-type=\"column\">\n\t\t\t<div class=\"elementor-widget-wrap elementor-element-populated\">\n\t\t\t\t\t\t<div class=\"elementor-element elementor-element-56bb5e8 elementor-icon-list--layout-traditional elementor-list-item-link-full_width elementor-widget elementor-widget-icon-list\" data-id=\"56bb5e8\" data-element_type=\"widget\" data-e-type=\"widget\" data-widget_type=\"icon-list.default\">\n\t\t\t\t<div class=\"elementor-widget-container\">\n\t\t\t\t\t\t\t<ul class=\"elementor-icon-list-items\">\n\t\t\t\t\t\t\t<li class=\"elementor-icon-list-item\">\n\t\t\t\t\t\t\t\t\t\t\t<a href=\"mailto:contact@universalmedica.com\">\n\n\t\t\t\t\t\t\t\t\t\t\t\t<span class=\"elementor-icon-list-icon\">\n\t\t\t\t\t\t\t<i aria-hidden=\"true\" class=\"fas fa-envelope\"><\/i>\t\t\t\t\t\t<\/span>\n\t\t\t\t\t\t\t\t\t\t<span class=\"elementor-icon-list-text\">contact@universalmedica.com<\/span>\n\t\t\t\t\t\t\t\t\t\t\t<\/a>\n\t\t\t\t\t\t\t\t\t<\/li>\n\t\t\t\t\t\t<\/ul>\n\t\t\t\t\t\t<\/div>\n\t\t\t\t<\/div>\n\t\t\t\t\t<\/div>\n\t\t<\/div>\n\t\t\t\t<div class=\"elementor-column elementor-col-33 elementor-inner-column elementor-element elementor-element-0b649f8\" data-id=\"0b649f8\" data-element_type=\"column\" data-e-type=\"column\">\n\t\t\t<div class=\"elementor-widget-wrap elementor-element-populated\">\n\t\t\t\t\t\t<div class=\"elementor-element elementor-element-9202076 elementor-icon-list--layout-traditional elementor-list-item-link-full_width elementor-widget elementor-widget-icon-list\" data-id=\"9202076\" data-element_type=\"widget\" data-e-type=\"widget\" data-widget_type=\"icon-list.default\">\n\t\t\t\t<div class=\"elementor-widget-container\">\n\t\t\t\t\t\t\t<ul class=\"elementor-icon-list-items\">\n\t\t\t\t\t\t\t<li class=\"elementor-icon-list-item\">\n\t\t\t\t\t\t\t\t\t\t\t<span class=\"elementor-icon-list-icon\">\n\t\t\t\t\t\t\t<i aria-hidden=\"true\" class=\"fas fa-map-marker-alt\"><\/i>\t\t\t\t\t\t<\/span>\n\t\t\t\t\t\t\t\t\t\t<span class=\"elementor-icon-list-text\">106, Bureaux de la Colline 92213 Saint Cloud Cedex France<\/span>\n\t\t\t\t\t\t\t\t\t<\/li>\n\t\t\t\t\t\t<\/ul>\n\t\t\t\t\t\t<\/div>\n\t\t\t\t<\/div>\n\t\t\t\t\t<\/div>\n\t\t<\/div>\n\t\t\t\t\t<\/div>\n\t\t<\/section>\n\t\t\t\t\t<\/div>\n\t\t<\/div>\n\t\t\t\t\t<\/div>\n\t\t<\/section>\n\t\t\t\t<\/div>\n\t\t","protected":false},"excerpt":{"rendered":"<p>Contactez-nous Universal Medica r\u00e9pond quotidiennement aux exigences r\u00e9glementaires et aux d\u00e9fis li\u00e9s \u00e0 l\u2019\u00e9volution de l\u2019environnement pharmaceutique, des dispositifs m\u00e9dicaux et de biotechnologie.&nbsp;Au niveau local ou international, Universal Medica propose un accompagnement sur mesure \u00e0 ses clients. Contactez-nous pour toute demande d\u2019information, nous vous recontacterons dans les plus bref d\u00e9lais. +33(01) 41 12 27 77 [&hellip;]<\/p>\n","protected":false},"author":1,"featured_media":0,"parent":0,"menu_order":0,"comment_status":"closed","ping_status":"closed","template":"","meta":{"_acf_changed":false,"inline_featured_image":false,"footnotes":""},"class_list":["post-21","page","type-page","status-publish","hentry"],"acf":[],"yoast_head":"<!-- This site is optimized with the Yoast SEO plugin v27.3 - https:\/\/yoast.com\/product\/yoast-seo-wordpress\/ -->\n<title>Contact - Universal Medica<\/title>\n<meta name=\"robots\" content=\"index, follow, max-snippet:-1, max-image-preview:large, max-video-preview:-1\" \/>\n<link rel=\"canonical\" href=\"https:\/\/www.universalmedica.com\/fr\/contact\/\" \/>\n<meta property=\"og:locale\" content=\"fr_FR\" \/>\n<meta property=\"og:type\" content=\"article\" \/>\n<meta property=\"og:title\" content=\"Contact - Universal Medica\" \/>\n<meta property=\"og:description\" content=\"Contactez-nous Universal Medica r\u00e9pond quotidiennement aux exigences r\u00e9glementaires et aux d\u00e9fis li\u00e9s \u00e0 l\u2019\u00e9volution de l\u2019environnement pharmaceutique, des dispositifs m\u00e9dicaux et de biotechnologie.&nbsp;Au niveau local ou international, Universal Medica propose un accompagnement sur mesure \u00e0 ses clients. Contactez-nous pour toute demande d\u2019information, nous vous recontacterons dans les plus bref d\u00e9lais. +33(01) 41 12 27 77 [&hellip;]\" \/>\n<meta property=\"og:url\" content=\"https:\/\/www.universalmedica.com\/fr\/contact\/\" \/>\n<meta property=\"og:site_name\" content=\"Universal Medica\" \/>\n<meta property=\"article:modified_time\" content=\"2022-05-02T10:57:27+00:00\" \/>\n<meta property=\"og:image\" content=\"https:\/\/www.universalmedica.com\/wp-content\/uploads\/2021\/04\/contact@2x-1024x636.png\" \/>\n<meta name=\"twitter:card\" content=\"summary_large_image\" \/>\n<meta name=\"twitter:label1\" content=\"Dur\u00e9e de lecture estim\u00e9e\" \/>\n\t<meta name=\"twitter:data1\" content=\"1 minute\" \/>\n<script type=\"application\/ld+json\" class=\"yoast-schema-graph\">{\"@context\":\"https:\\\/\\\/schema.org\",\"@graph\":[{\"@type\":\"WebPage\",\"@id\":\"https:\\\/\\\/www.universalmedica.com\\\/fr\\\/contact\\\/\",\"url\":\"https:\\\/\\\/www.universalmedica.com\\\/fr\\\/contact\\\/\",\"name\":\"Contact - Universal Medica\",\"isPartOf\":{\"@id\":\"https:\\\/\\\/www.universalmedica.com\\\/fr\\\/#website\"},\"primaryImageOfPage\":{\"@id\":\"https:\\\/\\\/www.universalmedica.com\\\/fr\\\/contact\\\/#primaryimage\"},\"image\":{\"@id\":\"https:\\\/\\\/www.universalmedica.com\\\/fr\\\/contact\\\/#primaryimage\"},\"thumbnailUrl\":\"https:\\\/\\\/www.universalmedica.com\\\/wp-content\\\/uploads\\\/2021\\\/04\\\/contact@2x-1024x636.png\",\"datePublished\":\"2021-04-22T13:02:13+00:00\",\"dateModified\":\"2022-05-02T10:57:27+00:00\",\"inLanguage\":\"fr-FR\",\"potentialAction\":[{\"@type\":\"ReadAction\",\"target\":[\"https:\\\/\\\/www.universalmedica.com\\\/fr\\\/contact\\\/\"]}]},{\"@type\":\"ImageObject\",\"inLanguage\":\"fr-FR\",\"@id\":\"https:\\\/\\\/www.universalmedica.com\\\/fr\\\/contact\\\/#primaryimage\",\"url\":\"https:\\\/\\\/www.universalmedica.com\\\/wp-content\\\/uploads\\\/2021\\\/04\\\/contact@2x-1024x636.png\",\"contentUrl\":\"https:\\\/\\\/www.universalmedica.com\\\/wp-content\\\/uploads\\\/2021\\\/04\\\/contact@2x-1024x636.png\"},{\"@type\":\"WebSite\",\"@id\":\"https:\\\/\\\/www.universalmedica.com\\\/fr\\\/#website\",\"url\":\"https:\\\/\\\/www.universalmedica.com\\\/fr\\\/\",\"name\":\"Universal Medica\",\"description\":\"\",\"potentialAction\":[{\"@type\":\"SearchAction\",\"target\":{\"@type\":\"EntryPoint\",\"urlTemplate\":\"https:\\\/\\\/www.universalmedica.com\\\/fr\\\/?s={search_term_string}\"},\"query-input\":{\"@type\":\"PropertyValueSpecification\",\"valueRequired\":true,\"valueName\":\"search_term_string\"}}],\"inLanguage\":\"fr-FR\"}]}<\/script>\n<!-- \/ Yoast SEO plugin. -->","yoast_head_json":{"title":"Contact - Universal Medica","robots":{"index":"index","follow":"follow","max-snippet":"max-snippet:-1","max-image-preview":"max-image-preview:large","max-video-preview":"max-video-preview:-1"},"canonical":"https:\/\/www.universalmedica.com\/fr\/contact\/","og_locale":"fr_FR","og_type":"article","og_title":"Contact - Universal Medica","og_description":"Contactez-nous Universal Medica r\u00e9pond quotidiennement aux exigences r\u00e9glementaires et aux d\u00e9fis li\u00e9s \u00e0 l\u2019\u00e9volution de l\u2019environnement pharmaceutique, des dispositifs m\u00e9dicaux et de biotechnologie.&nbsp;Au niveau local ou international, Universal Medica propose un accompagnement sur mesure \u00e0 ses clients. Contactez-nous pour toute demande d\u2019information, nous vous recontacterons dans les plus bref d\u00e9lais. +33(01) 41 12 27 77 [&hellip;]","og_url":"https:\/\/www.universalmedica.com\/fr\/contact\/","og_site_name":"Universal Medica","article_modified_time":"2022-05-02T10:57:27+00:00","og_image":[{"url":"https:\/\/www.universalmedica.com\/wp-content\/uploads\/2021\/04\/contact@2x-1024x636.png","type":"","width":"","height":""}],"twitter_card":"summary_large_image","twitter_misc":{"Dur\u00e9e de lecture estim\u00e9e":"1 minute"},"schema":{"@context":"https:\/\/schema.org","@graph":[{"@type":"WebPage","@id":"https:\/\/www.universalmedica.com\/fr\/contact\/","url":"https:\/\/www.universalmedica.com\/fr\/contact\/","name":"Contact - Universal Medica","isPartOf":{"@id":"https:\/\/www.universalmedica.com\/fr\/#website"},"primaryImageOfPage":{"@id":"https:\/\/www.universalmedica.com\/fr\/contact\/#primaryimage"},"image":{"@id":"https:\/\/www.universalmedica.com\/fr\/contact\/#primaryimage"},"thumbnailUrl":"https:\/\/www.universalmedica.com\/wp-content\/uploads\/2021\/04\/contact@2x-1024x636.png","datePublished":"2021-04-22T13:02:13+00:00","dateModified":"2022-05-02T10:57:27+00:00","inLanguage":"fr-FR","potentialAction":[{"@type":"ReadAction","target":["https:\/\/www.universalmedica.com\/fr\/contact\/"]}]},{"@type":"ImageObject","inLanguage":"fr-FR","@id":"https:\/\/www.universalmedica.com\/fr\/contact\/#primaryimage","url":"https:\/\/www.universalmedica.com\/wp-content\/uploads\/2021\/04\/contact@2x-1024x636.png","contentUrl":"https:\/\/www.universalmedica.com\/wp-content\/uploads\/2021\/04\/contact@2x-1024x636.png"},{"@type":"WebSite","@id":"https:\/\/www.universalmedica.com\/fr\/#website","url":"https:\/\/www.universalmedica.com\/fr\/","name":"Universal Medica","description":"","potentialAction":[{"@type":"SearchAction","target":{"@type":"EntryPoint","urlTemplate":"https:\/\/www.universalmedica.com\/fr\/?s={search_term_string}"},"query-input":{"@type":"PropertyValueSpecification","valueRequired":true,"valueName":"search_term_string"}}],"inLanguage":"fr-FR"}]}},"_links":{"self":[{"href":"https:\/\/www.universalmedica.com\/fr\/wp-json\/wp\/v2\/pages\/21","targetHints":{"allow":["GET"]}}],"collection":[{"href":"https:\/\/www.universalmedica.com\/fr\/wp-json\/wp\/v2\/pages"}],"about":[{"href":"https:\/\/www.universalmedica.com\/fr\/wp-json\/wp\/v2\/types\/page"}],"author":[{"embeddable":true,"href":"https:\/\/www.universalmedica.com\/fr\/wp-json\/wp\/v2\/users\/1"}],"replies":[{"embeddable":true,"href":"https:\/\/www.universalmedica.com\/fr\/wp-json\/wp\/v2\/comments?post=21"}],"version-history":[{"count":145,"href":"https:\/\/www.universalmedica.com\/fr\/wp-json\/wp\/v2\/pages\/21\/revisions"}],"predecessor-version":[{"id":4310,"href":"https:\/\/www.universalmedica.com\/fr\/wp-json\/wp\/v2\/pages\/21\/revisions\/4310"}],"wp:attachment":[{"href":"https:\/\/www.universalmedica.com\/fr\/wp-json\/wp\/v2\/media?parent=21"}],"curies":[{"name":"wp","href":"https:\/\/api.w.org\/{rel}","templated":true}]}}