{"id":25,"date":"2021-04-22T15:15:47","date_gmt":"2021-04-22T13:15:47","guid":{"rendered":"http:\/\/www.universalmedica.com\/?page_id=25"},"modified":"2021-04-29T15:40:07","modified_gmt":"2021-04-29T13:40:07","slug":"mentions-legales","status":"publish","type":"page","link":"https:\/\/www.universalmedica.com\/fr\/mentions-legales\/","title":{"rendered":"Mentions l\u00e9gales"},"content":{"rendered":"\t\t<div data-elementor-type=\"wp-page\" data-elementor-id=\"25\" class=\"elementor elementor-25\" data-elementor-post-type=\"page\">\n\t\t\t\t\t\t<section class=\"elementor-section elementor-top-section elementor-element elementor-element-c8a7231 elementor-section-boxed elementor-section-height-default elementor-section-height-default\" data-id=\"c8a7231\" data-element_type=\"section\" data-e-type=\"section\">\n\t\t\t\t\t\t<div class=\"elementor-container elementor-column-gap-default\">\n\t\t\t\t\t<div class=\"elementor-column elementor-col-100 elementor-top-column elementor-element elementor-element-0d1e586\" data-id=\"0d1e586\" data-element_type=\"column\" data-e-type=\"column\">\n\t\t\t<div class=\"elementor-widget-wrap elementor-element-populated\">\n\t\t\t\t\t\t<div class=\"elementor-element elementor-element-611e489 elementor-widget elementor-widget-heading\" data-id=\"611e489\" data-element_type=\"widget\" data-e-type=\"widget\" data-widget_type=\"heading.default\">\n\t\t\t\t<div class=\"elementor-widget-container\">\n\t\t\t\t\t<h2 class=\"elementor-heading-title elementor-size-default\">Mentions l\u00e9gales<\/h2>\t\t\t\t<\/div>\n\t\t\t\t<\/div>\n\t\t\t\t<div class=\"elementor-element elementor-element-9b3238b elementor-widget elementor-widget-text-editor\" data-id=\"9b3238b\" data-element_type=\"widget\" data-e-type=\"widget\" data-widget_type=\"text-editor.default\">\n\t\t\t\t<div class=\"elementor-widget-container\">\n\t\t\t\t\t\t\t\t\t<p class=\"p1\"><b>1) OBJET DU SITE<\/b><\/p><p class=\"p2\"><span class=\"s1\">Le site <a href=\"http:\/\/www.universalmedica.com\"><span class=\"s2\">www.universalmedica.com<\/span><\/a><\/span> <span class=\"s1\">s\u2019adresse \u00e0 toutes les personnes int\u00e9ress\u00e9es par les activit\u00e9s de la soci\u00e9t\u00e9 Universal Medica Group et qui souhaitent s\u2019informer sur l\u2019offre de produits et services propos\u00e9s.<\/span><\/p><p class=\"p3\"><span class=\"s1\">Toutes les informations contenues sur le site ne sont donn\u00e9es qu\u2019\u00e0 caract\u00e8re informatif et ne sauraient constituer un engagement contractuel.<\/span><\/p><p class=\"p1\"><b>2) DROIT DE PROPRI\u00c9T\u00c9 INTELLECTUELLE<\/b><\/p><p class=\"p2\"><span class=\"s1\">Universal Medica est une marque d\u00e9pos\u00e9e. Toute utilisation de cette marque, m\u00eame partielle, est interdite sans autorisation pr\u00e9alable \u00e9crite d\u2019Universal Medica. Cette utilisation devra se faire sans d\u00e9naturation, modification ou alt\u00e9ration de quelque mani\u00e8re que ce soit.<\/span><\/p><p class=\"p4\"><span class=\"s1\">Le site\u00a0<a href=\"http:\/\/www.universalmedica.com\"><span class=\"s2\">universalmedica.com<\/span><\/a><\/span> <span class=\"s1\">est la propri\u00e9t\u00e9 exclusive de la soci\u00e9t\u00e9 Universal Medica. A ce titre, son contenu est prot\u00e9g\u00e9, au sens du Code de la propri\u00e9t\u00e9 intellectuelle, par les droits d\u2019auteur, dessins et mod\u00e8les et droit des marques.<\/span><\/p><p class=\"p5\"><span class=\"s1\">En application du Code fran\u00e7ais de la Propri\u00e9t\u00e9 Intellectuelle et, plus g\u00e9n\u00e9ralement, des trait\u00e9s et accords internationaux en mati\u00e8re de droits d\u2019auteurs, l\u2019utilisateur s\u2019interdit de reproduire pour un usage autre que priv\u00e9, vendre, distribuer, \u00e9mettre, diffuser, adapter, modifier, publier, communiquer int\u00e9gralement ou partiellement, sous quelque forme que ce soit, les donn\u00e9es, la pr\u00e9sentation,\u00a0 l\u2019organisation du site ou les \u0153uvres prot\u00e9g\u00e9es par le droit d\u2019auteur qui figurent sur le site Internet www.universalmedica.com sans autorisation \u00e9crite pr\u00e9alable de Universal Medica.<\/span><\/p><p class=\"p6\"><span class=\"s1\">De plus, les \u0153uvres prot\u00e9g\u00e9es et reproduites sur le site avec l\u2019autorisation de leurs auteurs ne peuvent faire l\u2019objet d\u2019une reproduction, m\u00eame partielle, sans accord \u00e9crit du titulaire des droits attach\u00e9s aux dites \u0153uvres.<\/span><\/p><p class=\"p1\"><b>3) LIEN VERS DES SITES TIERS<\/b><\/p><p class=\"p5\"><span class=\"s1\">Le site Universal Medica contient des liens hypertextes vers des sites tiers.<\/span><\/p><p class=\"p6\"><span class=\"s1\">Universal Medica ne saurait \u00eatre tenus responsables de l\u2019indisponibilit\u00e9 de ces sites tiers, de leur contenu, publicit\u00e9 ou autres \u00e9l\u00e9ments disponibles.<\/span><\/p><p class=\"p1\"><b>4) DONN\u00c9ES PERSONNELLES<\/b><\/p><p class=\"p7\">Universal Medica, responsable de traitement, recueille des informations lors de la navigation sur ce site qui peuvent faire l\u2019objet d\u2019un traitement informatique.<\/p><p class=\"p7\">Les donn\u00e9es qui peuvent \u00eatre collect\u00e9es dans le cadre du site www.universalmedica.com sont\u00a0:<\/p><ul class=\"ul1\"><li class=\"li8\"><b>Les donn\u00e9es relatives \u00e0 la navigation sur le site<\/b>\u00a0: Universal Medica r\u00e9colte les donn\u00e9es des utilisateurs du site lors de la navigation sur www.universalmedica.com (voir paragraphe ci-dessous \u00ab\u00a0Cookies\u00a0\u00bb)<\/li><li class=\"li8\"><b>Les donn\u00e9es relatives au formulaire de contact<\/b>\u00a0: ce sont les donn\u00e9es que l\u2019utilisateur renseigne en remplissant le formulaire de contact.<\/li><\/ul><p class=\"p7\">Les donn\u00e9es personnelles sont collect\u00e9es et trait\u00e9es uniquement\u00a0:<\/p><ul class=\"ul1\"><li class=\"li8\">Lorsque cela est rendu n\u00e9cessaire par nos int\u00e9r\u00eats l\u00e9gitimes en relation avec la gestion du site, et notamment afin de fournir et am\u00e9liorer nos services, r\u00e9pondre \u00e0 vos demandes de contact, alimenter notre base de donn\u00e9es interne client ou \u00e0 permettre d\u2019\u00e9tablir des statistiques sur la fr\u00e9quentation du site ;<\/li><li class=\"li8\">Lorsque vous y avez consenti pour des finalit\u00e9s d\u00e9termin\u00e9es, explicites et l\u00e9gitimes, et notamment en mati\u00e8re de cookies\u00a0: vous avez alors le droit de ne pas donner votre consentement ou de le retirer \u00e0 tout moment\u00a0;<\/li><li class=\"li7\">Lorsque cela est rendu n\u00e9cessaire par nos obligations l\u00e9gales.<\/li><\/ul><p class=\"p8\">Les destinataires des donn\u00e9es sont strictement limit\u00e9s \u00e0\u00a0<a href=\"http:\/\/www.universalmedica.com\/\"><span class=\"s5\">Universal Medica <\/span><\/a>mais Universal Medica pourra \u00eatre amen\u00e9e \u00e0 communiquer les donn\u00e9es personnelles pour r\u00e9pondre \u00e0 une demande l\u00e9gale ou r\u00e8glementaire \u00e9manant des autorit\u00e9s publiques comp\u00e9tentes.<\/p><p class=\"p8\">Nous conservons ces donn\u00e9es pour la dur\u00e9e n\u00e9cessaire aux fins sp\u00e9cifiques pour lesquelles elles ont \u00e9t\u00e9 recueillies. Nous mettons en \u0153uvre des mesures de s\u00e9curit\u00e9 techniques et organisationnelles afin de pr\u00e9server la s\u00e9curit\u00e9 et la confidentialit\u00e9 de vos informations.<\/p><p class=\"p7\">Conform\u00e9ment au R\u00e8glement G\u00e9n\u00e9ral sur la Protection des Donn\u00e9es n\u00b02016\/679 et \u00e0 la loi \u00ab Informatique et Libert\u00e9s \u00bb du 6 janvier 1978 modifi\u00e9e, vous b\u00e9n\u00e9ficiez\u00a0:<\/p><p class=\"p8\">&#8211; d\u2019un droit d\u2019acc\u00e8s aux informations qui vous concernent, ainsi que d\u2019un droit \u00e0 la portabilit\u00e9 de vos donn\u00e9es, qui vous permet de r\u00e9cup\u00e9rer une partie de vos donn\u00e9es dans un format ouvert et lisible par machine\u00a0;<\/p><p class=\"p8\">&#8211; d\u2019un droit de modification ou rectification de vos donn\u00e9es \u00e0 caract\u00e8re personnel,<\/p><p class=\"p8\">&#8211; du droit de d\u00e9finir les directives relatives au sort de vos donn\u00e9es \u00e0 caract\u00e8re personnel post-mortem,<\/p><p class=\"p8\">&#8211; d\u2019un droit de limitation, de suppression et d\u2019opposition au traitement des informations qui vous concernent.<\/p><p class=\"p8\">Vous pouvez exercer ces droits par courrier \u00e0 l\u2019adresse suivante : Universal Medica, 106 bureaux de la Colline 92213 Saint-Cloud ou par mail \u00e0 <a href=\"mailto:dataprotection@universalmedica.com\"><span class=\"s2\">dataprotection@universalmedica.com<\/span><\/a>.<\/p><p class=\"p9\">Si vous n\u2019\u00eates pas satisfait du traitement auquel vos informations personnelles sont soumises dans le cadre de <a href=\"http:\/\/www.universalmedica.com\"><span class=\"s2\">universalmedica.com<\/span><\/a>, vous avez la possibilit\u00e9 d\u2019introduire une r\u00e9clamation aupr\u00e8s d\u2019une autorit\u00e9 de contr\u00f4le.<\/p><p class=\"p1\"><b>5) COOKIES<\/b><\/p><p class=\"p10\">Qu\u2019est-ce qu\u2019un cookie\u00a0?<\/p><p class=\"p10\">Un cookie est une information contenue dans un fichier stock\u00e9 dans votre navigateur Internet ou sur votre disque dur. Les cookies permettent \u00e0 un site web d\u2019identifier le terminal d\u2019un utilisateur chaque fois que ce dernier visite ce site, et ainsi d\u2019enregistrer vos pr\u00e9f\u00e9rences d\u2019affichage (par exemple la langue utilis\u00e9, le syst\u00e8me d\u2019exploitation utilis\u00e9, etc.), les informations relatives aux formulaires que vous avez rempli. En cela, ils peuvent faciliter vos visites sur notre site web.<\/p><p class=\"p10\">Nous r\u00e9cup\u00e9rons les informations issues des cookies afin d\u2019optimiser le fonctionnement du site et am\u00e9liorer votre exp\u00e9rience utilisateur en adaptant nos contenus en fonction des pages les plus visit\u00e9es. Pour cela nous utilisons la solution Universal Analytics d\u00e9velopp\u00e9e par\u00a0<a href=\"https:\/\/support.google.com\/analytics\/answer\/6004245\">Google Analytics<\/a>.<\/p><p class=\"p12\">Vous pouvez cependant refuser le stockage de cookies en vous r\u00e9f\u00e9rant \u00e0 la politique de confidentialit\u00e9 de\u00a0<a href=\"https:\/\/support.google.com\/analytics\/answer\/6004245\"><span class=\"s6\">Google Analytics<\/span><\/a><span class=\"s6\">\u00a0(<a href=\"https:\/\/support.google.com\/analytics\/answer\/6004245\"><span class=\"s7\">https:\/\/support.google.com\/analytics\/answer\/6004245<\/span><\/a><\/span> ) et en param\u00e9trant la configuration de votre navigateur. Pour ce faire, vous pouvez consulter le menu d\u2019aide de votre navigateur, ainsi que le site de la Commission Nationale de l\u2019Informatique et des Libert\u00e9s\u00a0: <a href=\"http:\/\/www.cnil.fr\/vos-libertes\/vos-traces\/les-cookies\/\"><span class=\"s8\">http:\/\/www.cnil.fr\/vos-libertes\/vos-traces\/les-cookies\/<\/span><\/a>. Si vous supprimez ou d\u00e9sactivez nos cookies, vous pourrez rencontrer des interruptions ou des probl\u00e8mes d\u2019acc\u00e8s \u00e0 certains services de notre site qui n\u00e9cessitent l\u2019utilisation des cookies.<\/p><p class=\"p1\"><b>6) \u00c9DITEUR DU SITE<\/b><\/p><p class=\"p14\">Universal Medica<\/p><p class=\"p14\">106 Bureaux de la Colline \u2013 92213 Saint-Cloud<\/p><p class=\"p14\">SARL au capital de 200.000 euros<\/p><p class=\"p15\">N\u00b0 SIRET\u00a0: 43408051100026<\/p><p class=\"p1\"><b>7) H\u00c9BERGEUR DU SITE<\/b><\/p><p class=\"p16\">OVH<br \/>SAS au capital de 10 000 000 \u20ac<br \/>RCS Roubaix \u2013 Tourcoing 424 761 419 00045 Code APE 6202A N\u00b0 TVA : FR 22 424 761 419<br \/>Adresse du si\u00e8ge social\u00a0: 2 rue Kellermann \u2013 59100 Roubaix \u2013 France<br \/>Directeur de la publication : Octave KLABA<\/p>\t\t\t\t\t\t\t\t<\/div>\n\t\t\t\t<\/div>\n\t\t\t\t\t<\/div>\n\t\t<\/div>\n\t\t\t\t\t<\/div>\n\t\t<\/section>\n\t\t\t\t<\/div>\n\t\t","protected":false},"excerpt":{"rendered":"<p>Mentions l\u00e9gales 1) OBJET DU SITE Le site www.universalmedica.com s\u2019adresse \u00e0 toutes les personnes int\u00e9ress\u00e9es par les activit\u00e9s de la soci\u00e9t\u00e9 Universal Medica Group et qui souhaitent s\u2019informer sur l\u2019offre de produits et services propos\u00e9s. Toutes les informations contenues sur le site ne sont donn\u00e9es qu\u2019\u00e0 caract\u00e8re informatif et ne sauraient constituer un engagement contractuel. [&hellip;]<\/p>\n","protected":false},"author":1,"featured_media":0,"parent":0,"menu_order":0,"comment_status":"closed","ping_status":"closed","template":"","meta":{"_acf_changed":false,"inline_featured_image":false,"footnotes":""},"class_list":["post-25","page","type-page","status-publish","hentry"],"acf":[],"yoast_head":"<!-- This site is optimized with the Yoast SEO plugin v27.3 - https:\/\/yoast.com\/product\/yoast-seo-wordpress\/ -->\n<title>Mentions l\u00e9gales - Universal Medica<\/title>\n<meta name=\"robots\" content=\"index, follow, max-snippet:-1, max-image-preview:large, max-video-preview:-1\" \/>\n<link rel=\"canonical\" href=\"https:\/\/www.universalmedica.com\/fr\/mentions-legales\/\" \/>\n<meta property=\"og:locale\" content=\"fr_FR\" \/>\n<meta property=\"og:type\" content=\"article\" \/>\n<meta property=\"og:title\" content=\"Mentions l\u00e9gales - Universal Medica\" \/>\n<meta property=\"og:description\" content=\"Mentions l\u00e9gales 1) OBJET DU SITE Le site www.universalmedica.com s\u2019adresse \u00e0 toutes les personnes int\u00e9ress\u00e9es par les activit\u00e9s de la soci\u00e9t\u00e9 Universal Medica Group et qui souhaitent s\u2019informer sur l\u2019offre de produits et services propos\u00e9s. Toutes les informations contenues sur le site ne sont donn\u00e9es qu\u2019\u00e0 caract\u00e8re informatif et ne sauraient constituer un engagement contractuel. [&hellip;]\" \/>\n<meta property=\"og:url\" content=\"https:\/\/www.universalmedica.com\/fr\/mentions-legales\/\" \/>\n<meta property=\"og:site_name\" content=\"Universal Medica\" \/>\n<meta property=\"article:modified_time\" content=\"2021-04-29T13:40:07+00:00\" \/>\n<meta name=\"twitter:card\" content=\"summary_large_image\" \/>\n<meta name=\"twitter:label1\" content=\"Dur\u00e9e de lecture estim\u00e9e\" \/>\n\t<meta name=\"twitter:data1\" content=\"6 minutes\" \/>\n<script type=\"application\/ld+json\" class=\"yoast-schema-graph\">{\"@context\":\"https:\\\/\\\/schema.org\",\"@graph\":[{\"@type\":\"WebPage\",\"@id\":\"https:\\\/\\\/www.universalmedica.com\\\/fr\\\/mentions-legales\\\/\",\"url\":\"https:\\\/\\\/www.universalmedica.com\\\/fr\\\/mentions-legales\\\/\",\"name\":\"Mentions l\u00e9gales - Universal Medica\",\"isPartOf\":{\"@id\":\"https:\\\/\\\/www.universalmedica.com\\\/fr\\\/#website\"},\"datePublished\":\"2021-04-22T13:15:47+00:00\",\"dateModified\":\"2021-04-29T13:40:07+00:00\",\"inLanguage\":\"fr-FR\",\"potentialAction\":[{\"@type\":\"ReadAction\",\"target\":[\"https:\\\/\\\/www.universalmedica.com\\\/fr\\\/mentions-legales\\\/\"]}]},{\"@type\":\"WebSite\",\"@id\":\"https:\\\/\\\/www.universalmedica.com\\\/fr\\\/#website\",\"url\":\"https:\\\/\\\/www.universalmedica.com\\\/fr\\\/\",\"name\":\"Universal Medica\",\"description\":\"\",\"potentialAction\":[{\"@type\":\"SearchAction\",\"target\":{\"@type\":\"EntryPoint\",\"urlTemplate\":\"https:\\\/\\\/www.universalmedica.com\\\/fr\\\/?s={search_term_string}\"},\"query-input\":{\"@type\":\"PropertyValueSpecification\",\"valueRequired\":true,\"valueName\":\"search_term_string\"}}],\"inLanguage\":\"fr-FR\"}]}<\/script>\n<!-- \/ Yoast SEO plugin. -->","yoast_head_json":{"title":"Mentions l\u00e9gales - Universal Medica","robots":{"index":"index","follow":"follow","max-snippet":"max-snippet:-1","max-image-preview":"max-image-preview:large","max-video-preview":"max-video-preview:-1"},"canonical":"https:\/\/www.universalmedica.com\/fr\/mentions-legales\/","og_locale":"fr_FR","og_type":"article","og_title":"Mentions l\u00e9gales - Universal Medica","og_description":"Mentions l\u00e9gales 1) OBJET DU SITE Le site www.universalmedica.com s\u2019adresse \u00e0 toutes les personnes int\u00e9ress\u00e9es par les activit\u00e9s de la soci\u00e9t\u00e9 Universal Medica Group et qui souhaitent s\u2019informer sur l\u2019offre de produits et services propos\u00e9s. Toutes les informations contenues sur le site ne sont donn\u00e9es qu\u2019\u00e0 caract\u00e8re informatif et ne sauraient constituer un engagement contractuel. [&hellip;]","og_url":"https:\/\/www.universalmedica.com\/fr\/mentions-legales\/","og_site_name":"Universal Medica","article_modified_time":"2021-04-29T13:40:07+00:00","twitter_card":"summary_large_image","twitter_misc":{"Dur\u00e9e de lecture estim\u00e9e":"6 minutes"},"schema":{"@context":"https:\/\/schema.org","@graph":[{"@type":"WebPage","@id":"https:\/\/www.universalmedica.com\/fr\/mentions-legales\/","url":"https:\/\/www.universalmedica.com\/fr\/mentions-legales\/","name":"Mentions l\u00e9gales - Universal Medica","isPartOf":{"@id":"https:\/\/www.universalmedica.com\/fr\/#website"},"datePublished":"2021-04-22T13:15:47+00:00","dateModified":"2021-04-29T13:40:07+00:00","inLanguage":"fr-FR","potentialAction":[{"@type":"ReadAction","target":["https:\/\/www.universalmedica.com\/fr\/mentions-legales\/"]}]},{"@type":"WebSite","@id":"https:\/\/www.universalmedica.com\/fr\/#website","url":"https:\/\/www.universalmedica.com\/fr\/","name":"Universal Medica","description":"","potentialAction":[{"@type":"SearchAction","target":{"@type":"EntryPoint","urlTemplate":"https:\/\/www.universalmedica.com\/fr\/?s={search_term_string}"},"query-input":{"@type":"PropertyValueSpecification","valueRequired":true,"valueName":"search_term_string"}}],"inLanguage":"fr-FR"}]}},"_links":{"self":[{"href":"https:\/\/www.universalmedica.com\/fr\/wp-json\/wp\/v2\/pages\/25","targetHints":{"allow":["GET"]}}],"collection":[{"href":"https:\/\/www.universalmedica.com\/fr\/wp-json\/wp\/v2\/pages"}],"about":[{"href":"https:\/\/www.universalmedica.com\/fr\/wp-json\/wp\/v2\/types\/page"}],"author":[{"embeddable":true,"href":"https:\/\/www.universalmedica.com\/fr\/wp-json\/wp\/v2\/users\/1"}],"replies":[{"embeddable":true,"href":"https:\/\/www.universalmedica.com\/fr\/wp-json\/wp\/v2\/comments?post=25"}],"version-history":[{"count":7,"href":"https:\/\/www.universalmedica.com\/fr\/wp-json\/wp\/v2\/pages\/25\/revisions"}],"predecessor-version":[{"id":2178,"href":"https:\/\/www.universalmedica.com\/fr\/wp-json\/wp\/v2\/pages\/25\/revisions\/2178"}],"wp:attachment":[{"href":"https:\/\/www.universalmedica.com\/fr\/wp-json\/wp\/v2\/media?parent=25"}],"curies":[{"name":"wp","href":"https:\/\/api.w.org\/{rel}","templated":true}]}}