{"id":5972,"date":"2024-05-24T12:06:27","date_gmt":"2024-05-24T10:06:27","guid":{"rendered":"https:\/\/www.universalmedica.com\/?page_id=5972"},"modified":"2024-05-24T12:40:56","modified_gmt":"2024-05-24T10:40:56","slug":"affaires-reglementaires","status":"publish","type":"page","link":"https:\/\/www.universalmedica.com\/fr\/affaires-reglementaires\/","title":{"rendered":"Affaires r\u00e9glementaires"},"content":{"rendered":"\t\t<div data-elementor-type=\"wp-page\" data-elementor-id=\"5972\" class=\"elementor elementor-5972\" data-elementor-post-type=\"page\">\n\t\t\t\t\t\t<section class=\"elementor-section elementor-top-section elementor-element elementor-element-eff1687 elementor-section-boxed elementor-section-height-default elementor-section-height-default\" data-id=\"eff1687\" data-element_type=\"section\" data-e-type=\"section\">\n\t\t\t\t\t\t<div class=\"elementor-container elementor-column-gap-default\">\n\t\t\t\t\t<div class=\"elementor-column elementor-col-100 elementor-top-column elementor-element elementor-element-ac7af5b\" data-id=\"ac7af5b\" data-element_type=\"column\" data-e-type=\"column\">\n\t\t\t<div class=\"elementor-widget-wrap elementor-element-populated\">\n\t\t\t\t\t\t<div class=\"elementor-element elementor-element-f14b876 elementor-widget elementor-widget-slider_revolution\" data-id=\"f14b876\" data-element_type=\"widget\" data-e-type=\"widget\" data-widget_type=\"slider_revolution.default\">\n\t\t\t\t<div class=\"elementor-widget-container\">\n\t\t\t\t\t\n\t\t<div id=\"regulatory-slider\" class=\"wp-block-themepunch-revslider\">\n\t\t\t\t<p class=\"rs-p-wp-fix\"><\/p>\n\t\t\t\t<sr7-module data-alias=\"slider-home\" data-id=\"1\" id=\"SR7_1_1\" class=\"rs-ov-hidden\" data-version=\"6.7.52\">\n\t\t\t\t\t<sr7-adjuster><\/sr7-adjuster>\n\t\t\t\t\t<sr7-content>\n\t\t\t\t\t\t<sr7-slide id=\"SR7_1_1-1\" data-key=\"1\">\n\t\t\t\t\t\t\t<sr7-txt id=\"SR7_1_1-1-9\" class=\"sr7-layer\">SERVIR AVEC VOUS<br \/>\nLE MIEUX-\u00caTRE<br \/>\nDES PATIENTS<\/sr7-txt>\n\t\t\t\t\t\t<\/sr7-slide>\n\t\t\t\t\t\t<sr7-slide id=\"SR7_1_1-3\" data-key=\"3\">\n\t\t\t\t\t\t\t<sr7-txt id=\"SR7_1_1-3-0\" class=\"sr7-layer\">Apporter une r\u00e9ponse aux questions des professionnels de sant\u00e9 et des patients sur vos produits.<\/sr7-txt>\n\t\t\t\t\t\t\t<sr7-txt id=\"SR7_1_1-3-9\" class=\"sr7-layer\">INFORMATION<br \/>\nM\u00c9DICALE<br \/>\n<\/sr7-txt>\n\t\t\t\t\t\t<\/sr7-slide>\n\t\t\t\t\t\t<sr7-slide id=\"SR7_1_1-4\" data-key=\"4\">\n\t\t\t\t\t\t\t<sr7-txt id=\"SR7_1_1-4-0\" class=\"sr7-layer\">Prestations et services cl\u00e9s en main pour la pharmacovigilance, mat\u00e9riovigilance, cosm\u00e9tovigilance, nutrivigilance et toxicovigilance.<\/sr7-txt>\n\t\t\t\t\t\t\t<sr7-txt id=\"SR7_1_1-4-9\" class=\"sr7-layer\">VIGILANCES<\/sr7-txt>\n\t\t\t\t\t\t<\/sr7-slide>\n\t\t\t\t\t\t<sr7-slide id=\"SR7_1_1-5\" data-key=\"5\">\n\t\t\t\t\t\t\t<sr7-txt id=\"SR7_1_1-5-0\" class=\"sr7-layer\">Garantir la conformit\u00e9 aux exigences l\u00e9gislatives, r\u00e9glementaires et administratives.<\/sr7-txt>\n\t\t\t\t\t\t\t<sr7-txt id=\"SR7_1_1-5-9\" class=\"sr7-layer\">COMPLIANCE<\/sr7-txt>\n\t\t\t\t\t\t<\/sr7-slide>\n\t\t\t\t\t\t<sr7-slide id=\"SR7_1_1-22\" data-key=\"22\">\n\t\t\t\t\t\t\t<sr7-txt id=\"SR7_1_1-22-0\" class=\"sr7-layer\">Une gamme compl\u00e8te de services r\u00e9glementaires pour accompagner vos produits pharmaceutiques \u00e0 chaque \u00e9tape de leur cycle de vie en France et \u00e0 l\u2019international.<\/sr7-txt>\n\t\t\t\t\t\t\t<sr7-txt id=\"SR7_1_1-22-9\" class=\"sr7-layer\">AFFAIRES R\u00c9GLEMENTAIRES<\/sr7-txt>\n\t\t\t\t\t\t<\/sr7-slide>\n\t\t\t\t\t\t<sr7-slide id=\"SR7_1_1-24\" data-key=\"24\">\n\t\t\t\t\t\t<\/sr7-slide>\n\t\t\t\t\t<\/sr7-content>\n\t\t\t\t\t<image_lists style=\"display:none\">\n\t\t\t\t\t\t<img data-src=\"\/\/www.universalmedica.com\/wp-content\/uploads\/2021\/04\/home-header-1@2x-300x300.png\" data-libid=\"1850\" data-lib=\"medialibrary\" title=\"home-header-1@2x\" width=\"0\" height=\"0\" data-dbsrc=\"Ly93d3cudW5pdmVyc2FsbWVkaWNhLmNvbS93cC1jb250ZW50L3VwbG9hZHMvMjAyMS8wNC9ob21lLWhlYWRlci0xQDJ4LTMwMHgzMDAucG5n\"\/>\n\t\t\t\t\t\t<img data-src=\"\/\/www.universalmedica.com\/wp-content\/uploads\/2021\/04\/home-header-2@2x-1-300x300.png\" data-libid=\"1852\" data-lib=\"medialibrary\" title=\"home-header-2@2x\" width=\"0\" height=\"0\" data-dbsrc=\"Ly93d3cudW5pdmVyc2FsbWVkaWNhLmNvbS93cC1jb250ZW50L3VwbG9hZHMvMjAyMS8wNC9ob21lLWhlYWRlci0yQDJ4LTEtMzAweDMwMC5wbmc=\"\/>\n\t\t\t\t\t\t<img data-src=\"\/\/www.universalmedica.com\/wp-content\/uploads\/2021\/04\/home-header-3@2x-300x300.png\" data-libid=\"1854\" data-lib=\"medialibrary\" title=\"home-header-3@2x\" width=\"0\" height=\"0\" data-dbsrc=\"Ly93d3cudW5pdmVyc2FsbWVkaWNhLmNvbS93cC1jb250ZW50L3VwbG9hZHMvMjAyMS8wNC9ob21lLWhlYWRlci0zQDJ4LTMwMHgzMDAucG5n\"\/>\n\t\t\t\t\t\t<img loading=\"lazy\" data-src=\"\/\/www.universalmedica.com\/wp-content\/uploads\/2021\/04\/home-header-4@2x-300x300.png\" data-libid=\"1856\" data-lib=\"medialibrary\" title=\"home-header-4@2x\" width=\"0\" height=\"0\" data-dbsrc=\"Ly93d3cudW5pdmVyc2FsbWVkaWNhLmNvbS93cC1jb250ZW50L3VwbG9hZHMvMjAyMS8wNC9ob21lLWhlYWRlci00QDJ4LTMwMHgzMDAucG5n\"\/>\n\t\t\t\t\t\t<img loading=\"lazy\" data-src=\"\/\/www.universalmedica.com\/wp-content\/uploads\/2021\/06\/MicrosoftTeams-image-5-300x300.png\" data-libid=\"2974\" data-lib=\"medialibrary\" title=\"MicrosoftTeams-image-(5)\" width=\"0\" height=\"0\" data-dbsrc=\"Ly93d3cudW5pdmVyc2FsbWVkaWNhLmNvbS93cC1jb250ZW50L3VwbG9hZHMvMjAyMS8wNi9NaWNyb3NvZnRUZWFtcy1pbWFnZS01LTMwMHgzMDAucG5n\"\/>\n\t\t\t\t\t\t<img loading=\"lazy\" data-src=\"\/\/www.universalmedica.com\/wp-content\/uploads\/2024\/05\/AR-Site-UM.png\" data-libid=\"5987\" data-lib=\"medialibrary\" title=\"AR-Site-UM\" width=\"0\" height=\"0\" data-dbsrc=\"Ly93d3cudW5pdmVyc2FsbWVkaWNhLmNvbS93cC1jb250ZW50L3VwbG9hZHMvMjAyNC8wNS9BUi1TaXRlLVVNLnBuZw==\"\/>\n\t\t\t\t\t<\/image_lists>\n\t\t\t\t<\/sr7-module>\n\t\t\t\t<script>\n\t\t\t\t\twindow.SR7 ??={};SR7.PMH ??={}; SR7.PMH[\"SR7_1_1\"] = {cn:100,state:false,fn: function() { if (window._tpt!==undefined && window._tpt.prepareModuleHeight !== undefined) {  _tpt.prepareModuleHeight({id:\"SR7_1_1\",el:[475,475,475,630,336],type:'standard',shdw:'0',gh:[475,475,475,630,336],gw:[1240,1240,1240,778,480],vpt:['-200px&#039;,&#039;-200px&#039;,&#039;-200px&#039;,&#039;-200px&#039;,&#039;-200px'],size:{fullWidth:true, fullHeight:false},mh:'0',onh:0,onw:0,bg:{color:'{\"orig\":\"transparent\",\"type\":\"solid\",\"string\":\"transparent\"}'}});   SR7.PMH[\"SR7_1_1\"].state=true;} else if(SR7.PMH[\"SR7_1_1\"].cn-->0)\tsetTimeout( SR7.PMH[\"SR7_1_1\"].fn,19);}};SR7.PMH[\"SR7_1_1\" ].fn();\n\t\t\t\t<\/script>\n<\/div>\n\n\t\t\t\t\t\t<\/div>\n\t\t\t\t<\/div>\n\t\t\t\t\t<\/div>\n\t\t<\/div>\n\t\t\t\t\t<\/div>\n\t\t<\/section>\n\t\t\t\t<section class=\"elementor-section elementor-top-section elementor-element elementor-element-1655b6a elementor-section-boxed elementor-section-height-default elementor-section-height-default\" data-id=\"1655b6a\" data-element_type=\"section\" data-e-type=\"section\" data-settings=\"{&quot;background_background&quot;:&quot;classic&quot;}\">\n\t\t\t\t\t\t<div class=\"elementor-container elementor-column-gap-default\">\n\t\t\t\t\t<div class=\"elementor-column elementor-col-100 elementor-top-column elementor-element elementor-element-759421a\" data-id=\"759421a\" data-element_type=\"column\" data-e-type=\"column\">\n\t\t\t<div class=\"elementor-widget-wrap elementor-element-populated\">\n\t\t\t\t\t\t<div class=\"elementor-element elementor-element-35cb4aa elementor-widget elementor-widget-heading\" data-id=\"35cb4aa\" data-element_type=\"widget\" data-e-type=\"widget\" data-widget_type=\"heading.default\">\n\t\t\t\t<div class=\"elementor-widget-container\">\n\t\t\t\t\t<h2 class=\"elementor-heading-title elementor-size-default\">NOTRE EXPERTISE<\/h2>\t\t\t\t<\/div>\n\t\t\t\t<\/div>\n\t\t\t\t<div class=\"elementor-element elementor-element-844f8b8 elementor-widget elementor-widget-text-editor\" data-id=\"844f8b8\" data-element_type=\"widget\" data-e-type=\"widget\" data-widget_type=\"text-editor.default\">\n\t\t\t\t<div class=\"elementor-widget-container\">\n\t\t\t\t\t\t\t\t\t<p class=\"p1\">Notre expertise couvre les march\u00e9s fran\u00e7ais, europ\u00e9ens et internationaux, assurant une conformit\u00e9 totale et une gestion optimale de vos dossiers r\u00e9glementaires.<\/p>\t\t\t\t\t\t\t\t<\/div>\n\t\t\t\t<\/div>\n\t\t\t\t<div class=\"elementor-element elementor-element-7e70b59 elementor-widget elementor-widget-text-editor\" data-id=\"7e70b59\" data-element_type=\"widget\" data-e-type=\"widget\" data-widget_type=\"text-editor.default\">\n\t\t\t\t<div class=\"elementor-widget-container\">\n\t\t\t\t\t\t\t\t\t<ul class=\"custom-ul custom-ul-multiline\">\n\t<li>Pr\u00e9paration des Dossiers de Demandes d&rsquo;AMMs et gestion du Cycle de Vie des AMMs\n\t<p>Nous prenons en charge la pr\u00e9paration compl\u00e8te de vos dossiers de demandes d&rsquo;Autorisation de Mise sur le March\u00e9 (AMM), en assurant leur soumission et le suivi de leurs proc\u00e9dures d\u2019enregistrement. Nous prenons \u00e9galement en charge la pr\u00e9paration de vos dossiers tout au long du cycle de vie de vos AMMs. Que ce soit pour des demandes nationales, europ\u00e9ennes ou internationales, nous garantissons une pr\u00e9sentation conforme aux exigences r\u00e9glementaires en vigueur.<\/p>\n<\/li>\n<li>Publishing\n\t<p>Notre service de publishing inclut la compilation, la mise en forme et la soumission \u00e9lectronique de vos dossiers r\u00e9glementaires.<\/p>\n<\/li>\n<li>Contr\u00f4le des \u00c9l\u00e9ments Promotionnels et Validation des Articles de Conditionnement\n\t<p>Nos \u00e9quipes s\u2019assureront que les \u00e9l\u00e9ments promotionnels et\/ou les articles de conditionnement sont conformes aux r\u00e9glementations et guidelines en vigueur. Elles v\u00e9rifieront \u00e9galement que toutes les all\u00e9gations faites dans les supports promotionnels sont v\u00e9ridiques et soutenues par des preuves scientifiques ou des donn\u00e9es valid\u00e9es.<\/p>\n<\/li>\n<li>Veille R\u00e9glementaire\n\t<p>Nous surveillons en continu les modifications des r\u00e8glementations afin que vous puissiez anticiper et r\u00e9agir rapidement aux changements impactant votre activit\u00e9.<\/p>\n<\/li>\n<li>Plan de Gestion des P\u00e9nuries\n\t<p>Nous \u00e9laborons et mettons en \u0153uvre vos dossiers de plans de gestion des p\u00e9nuries pour vous aider \u00e0 anticiper et \u00e0 g\u00e9rer les situations de rupture de stock.<\/p>\n<\/li>\n<li>D\u00e9marches aupr\u00e8s de l\u2019ANSM\n\t<p>Nous vous accompagnons dans toutes vos d\u00e9marches aupr\u00e8s de l&rsquo;Agence Nationale de S\u00e9curit\u00e9 du M\u00e9dicament et des produits de sant\u00e9 (ANSM). Que ce soit pour des demandes d&rsquo;autorisation d\u2019importation, des d\u00e9clarations d\u2019exportation, de commercialisation, de caducit\u00e9 d\u2019AMM ou bien, des  d\u00e9claration annuelle de l&rsquo;\u00e9tat d&rsquo;\u00e9tablissement nous assurons une pr\u00e9paration efficace et un suivi rigoureux de vos dossiers.<\/p>\n<\/li>\n<li>LEA et Transparence Sant\u00e9\n\t<p>Nous vous assistons dans la gestion de vos obligations de d\u00e9claration de liens d&rsquo;int\u00e9r\u00eat et de transparence. Notre \u00e9quipe assure la conformit\u00e9 de vos d\u00e9clarations avec les exigences de la Loi sur la Transparence des Avantages (LEA) et des autres r\u00e9glementations en vigueur.<\/p>\n<\/li>\n<\/ul>\t\t\t\t\t\t\t\t<\/div>\n\t\t\t\t<\/div>\n\t\t\t\t<div class=\"elementor-element elementor-element-849dc53 elementor-widget elementor-widget-text-editor\" data-id=\"849dc53\" data-element_type=\"widget\" data-e-type=\"widget\" data-widget_type=\"text-editor.default\">\n\t\t\t\t<div class=\"elementor-widget-container\">\n\t\t\t\t\t\t\t\t\t<p>Pour plus d&rsquo;informations sur nos services r\u00e9glementaires et pour discuter de vos besoins sp\u00e9cifiques, n&rsquo;h\u00e9sitez pas \u00e0 nous contacter. Nous sommes l\u00e0 pour vous accompagner et vous garantir du service de qualit\u00e9 conforme aux exigences des autorit\u00e9s ainsi qu\u2019\u00e0 vos besoins et vos attentes.<\/p>\t\t\t\t\t\t\t\t<\/div>\n\t\t\t\t<\/div>\n\t\t\t\t<div class=\"elementor-element elementor-element-af533ca elementor-align-center elementor-widget elementor-widget-button\" data-id=\"af533ca\" data-element_type=\"widget\" data-e-type=\"widget\" data-widget_type=\"button.default\">\n\t\t\t\t<div class=\"elementor-widget-container\">\n\t\t\t\t\t\t\t\t\t<div class=\"elementor-button-wrapper\">\n\t\t\t\t\t<a class=\"elementor-button elementor-button-link elementor-size-md\" href=\"\/fr\/contact\" target=\"_blank\">\n\t\t\t\t\t\t<span class=\"elementor-button-content-wrapper\">\n\t\t\t\t\t\t\t\t\t<span class=\"elementor-button-text\">CONTACTEZ-NOUS<\/span>\n\t\t\t\t\t<\/span>\n\t\t\t\t\t<\/a>\n\t\t\t\t<\/div>\n\t\t\t\t\t\t\t\t<\/div>\n\t\t\t\t<\/div>\n\t\t\t\t\t<\/div>\n\t\t<\/div>\n\t\t\t\t\t<\/div>\n\t\t<\/section>\n\t\t\t\t<\/div>\n\t\t","protected":false},"excerpt":{"rendered":"<p>NOTRE EXPERTISE Notre expertise couvre les march\u00e9s fran\u00e7ais, europ\u00e9ens et internationaux, assurant une conformit\u00e9 totale et une gestion optimale de vos dossiers r\u00e9glementaires. Pr\u00e9paration des Dossiers de Demandes d&rsquo;AMMs et gestion du Cycle de Vie des AMMs Nous prenons en charge la pr\u00e9paration compl\u00e8te de vos dossiers de demandes d&rsquo;Autorisation de Mise sur le March\u00e9 [&hellip;]<\/p>\n","protected":false},"author":2,"featured_media":0,"parent":0,"menu_order":0,"comment_status":"closed","ping_status":"closed","template":"","meta":{"_acf_changed":false,"inline_featured_image":false,"footnotes":""},"class_list":["post-5972","page","type-page","status-publish","hentry"],"acf":[],"yoast_head":"<!-- This site is optimized with the Yoast SEO plugin v27.3 - https:\/\/yoast.com\/product\/yoast-seo-wordpress\/ -->\n<title>Affaires r\u00e9glementaires - Universal Medica<\/title>\n<meta name=\"robots\" content=\"index, follow, max-snippet:-1, max-image-preview:large, max-video-preview:-1\" \/>\n<link rel=\"canonical\" href=\"https:\/\/www.universalmedica.com\/fr\/affaires-reglementaires\/\" \/>\n<meta property=\"og:locale\" content=\"fr_FR\" \/>\n<meta property=\"og:type\" content=\"article\" \/>\n<meta property=\"og:title\" content=\"Affaires r\u00e9glementaires - Universal Medica\" \/>\n<meta property=\"og:description\" content=\"NOTRE EXPERTISE Notre expertise couvre les march\u00e9s fran\u00e7ais, europ\u00e9ens et internationaux, assurant une conformit\u00e9 totale et une gestion optimale de vos dossiers r\u00e9glementaires. Pr\u00e9paration des Dossiers de Demandes d&rsquo;AMMs et gestion du Cycle de Vie des AMMs Nous prenons en charge la pr\u00e9paration compl\u00e8te de vos dossiers de demandes d&rsquo;Autorisation de Mise sur le March\u00e9 [&hellip;]\" \/>\n<meta property=\"og:url\" content=\"https:\/\/www.universalmedica.com\/fr\/affaires-reglementaires\/\" \/>\n<meta property=\"og:site_name\" content=\"Universal Medica\" \/>\n<meta property=\"article:modified_time\" content=\"2024-05-24T10:40:56+00:00\" \/>\n<meta name=\"twitter:card\" content=\"summary_large_image\" \/>\n<meta name=\"twitter:label1\" content=\"Dur\u00e9e de lecture estim\u00e9e\" \/>\n\t<meta name=\"twitter:data1\" content=\"3 minutes\" \/>\n<script type=\"application\/ld+json\" class=\"yoast-schema-graph\">{\"@context\":\"https:\\\/\\\/schema.org\",\"@graph\":[{\"@type\":\"WebPage\",\"@id\":\"https:\\\/\\\/www.universalmedica.com\\\/fr\\\/affaires-reglementaires\\\/\",\"url\":\"https:\\\/\\\/www.universalmedica.com\\\/fr\\\/affaires-reglementaires\\\/\",\"name\":\"Affaires r\u00e9glementaires - Universal Medica\",\"isPartOf\":{\"@id\":\"https:\\\/\\\/www.universalmedica.com\\\/fr\\\/#website\"},\"datePublished\":\"2024-05-24T10:06:27+00:00\",\"dateModified\":\"2024-05-24T10:40:56+00:00\",\"inLanguage\":\"fr-FR\",\"potentialAction\":[{\"@type\":\"ReadAction\",\"target\":[\"https:\\\/\\\/www.universalmedica.com\\\/fr\\\/affaires-reglementaires\\\/\"]}]},{\"@type\":\"WebSite\",\"@id\":\"https:\\\/\\\/www.universalmedica.com\\\/fr\\\/#website\",\"url\":\"https:\\\/\\\/www.universalmedica.com\\\/fr\\\/\",\"name\":\"Universal Medica\",\"description\":\"\",\"potentialAction\":[{\"@type\":\"SearchAction\",\"target\":{\"@type\":\"EntryPoint\",\"urlTemplate\":\"https:\\\/\\\/www.universalmedica.com\\\/fr\\\/?s={search_term_string}\"},\"query-input\":{\"@type\":\"PropertyValueSpecification\",\"valueRequired\":true,\"valueName\":\"search_term_string\"}}],\"inLanguage\":\"fr-FR\"}]}<\/script>\n<!-- \/ Yoast SEO plugin. -->","yoast_head_json":{"title":"Affaires r\u00e9glementaires - Universal Medica","robots":{"index":"index","follow":"follow","max-snippet":"max-snippet:-1","max-image-preview":"max-image-preview:large","max-video-preview":"max-video-preview:-1"},"canonical":"https:\/\/www.universalmedica.com\/fr\/affaires-reglementaires\/","og_locale":"fr_FR","og_type":"article","og_title":"Affaires r\u00e9glementaires - Universal Medica","og_description":"NOTRE EXPERTISE Notre expertise couvre les march\u00e9s fran\u00e7ais, europ\u00e9ens et internationaux, assurant une conformit\u00e9 totale et une gestion optimale de vos dossiers r\u00e9glementaires. Pr\u00e9paration des Dossiers de Demandes d&rsquo;AMMs et gestion du Cycle de Vie des AMMs Nous prenons en charge la pr\u00e9paration compl\u00e8te de vos dossiers de demandes d&rsquo;Autorisation de Mise sur le March\u00e9 [&hellip;]","og_url":"https:\/\/www.universalmedica.com\/fr\/affaires-reglementaires\/","og_site_name":"Universal Medica","article_modified_time":"2024-05-24T10:40:56+00:00","twitter_card":"summary_large_image","twitter_misc":{"Dur\u00e9e de lecture estim\u00e9e":"3 minutes"},"schema":{"@context":"https:\/\/schema.org","@graph":[{"@type":"WebPage","@id":"https:\/\/www.universalmedica.com\/fr\/affaires-reglementaires\/","url":"https:\/\/www.universalmedica.com\/fr\/affaires-reglementaires\/","name":"Affaires r\u00e9glementaires - Universal Medica","isPartOf":{"@id":"https:\/\/www.universalmedica.com\/fr\/#website"},"datePublished":"2024-05-24T10:06:27+00:00","dateModified":"2024-05-24T10:40:56+00:00","inLanguage":"fr-FR","potentialAction":[{"@type":"ReadAction","target":["https:\/\/www.universalmedica.com\/fr\/affaires-reglementaires\/"]}]},{"@type":"WebSite","@id":"https:\/\/www.universalmedica.com\/fr\/#website","url":"https:\/\/www.universalmedica.com\/fr\/","name":"Universal Medica","description":"","potentialAction":[{"@type":"SearchAction","target":{"@type":"EntryPoint","urlTemplate":"https:\/\/www.universalmedica.com\/fr\/?s={search_term_string}"},"query-input":{"@type":"PropertyValueSpecification","valueRequired":true,"valueName":"search_term_string"}}],"inLanguage":"fr-FR"}]}},"_links":{"self":[{"href":"https:\/\/www.universalmedica.com\/fr\/wp-json\/wp\/v2\/pages\/5972","targetHints":{"allow":["GET"]}}],"collection":[{"href":"https:\/\/www.universalmedica.com\/fr\/wp-json\/wp\/v2\/pages"}],"about":[{"href":"https:\/\/www.universalmedica.com\/fr\/wp-json\/wp\/v2\/types\/page"}],"author":[{"embeddable":true,"href":"https:\/\/www.universalmedica.com\/fr\/wp-json\/wp\/v2\/users\/2"}],"replies":[{"embeddable":true,"href":"https:\/\/www.universalmedica.com\/fr\/wp-json\/wp\/v2\/comments?post=5972"}],"version-history":[{"count":7,"href":"https:\/\/www.universalmedica.com\/fr\/wp-json\/wp\/v2\/pages\/5972\/revisions"}],"predecessor-version":[{"id":5983,"href":"https:\/\/www.universalmedica.com\/fr\/wp-json\/wp\/v2\/pages\/5972\/revisions\/5983"}],"wp:attachment":[{"href":"https:\/\/www.universalmedica.com\/fr\/wp-json\/wp\/v2\/media?parent=5972"}],"curies":[{"name":"wp","href":"https:\/\/api.w.org\/{rel}","templated":true}]}}